{"id":38,"date":"2023-04-11T17:53:01","date_gmt":"2023-04-11T15:53:01","guid":{"rendered":"https:\/\/ambasciatapraga.esteri.it\/?page_id=38"},"modified":"2025-09-24T09:15:19","modified_gmt":"2025-09-24T07:15:19","slug":"lambasciatore","status":"publish","type":"page","link":"https:\/\/ambbaghdad.esteri.it\/it\/chi-siamo\/lambasciatore\/","title":{"rendered":"L\u2019Ambasciatore"},"content":{"rendered":"<p style=\"text-align: justify;\"><strong><img loading=\"lazy\" decoding=\"async\" class=\"img-fluid aligncenter wp-image-3873 size-large\" src=\"https:\/\/ambbaghdad.esteri.it\/wp-content\/uploads\/2024\/11\/FONTANA-1024x678.jpg\" alt=\"\" width=\"640\" height=\"424\" srcset=\"https:\/\/ambbaghdad.esteri.it\/wp-content\/uploads\/2024\/11\/FONTANA-1024x678.jpg 1024w, https:\/\/ambbaghdad.esteri.it\/wp-content\/uploads\/2024\/11\/FONTANA-300x199.jpg 300w, https:\/\/ambbaghdad.esteri.it\/wp-content\/uploads\/2024\/11\/FONTANA-768x508.jpg 768w, https:\/\/ambbaghdad.esteri.it\/wp-content\/uploads\/2024\/11\/FONTANA.jpg 1280w\" sizes=\"auto, (max-width: 640px) 100vw, 640px\" \/><\/strong><\/p>\n<p style=\"text-align: justify;\"><strong>Niccol\u00f2 Fontana<\/strong> \u00e8 l&#8217;Ambasciatore d&#8217;Italia in Iraq.<\/p>\n<p><strong>Messaggio dell&#8217;Ambasciatore<\/strong><\/p>\n<p style=\"text-align: justify;\">\u00c8 per me un onore rappresentare l\u2019Italia nella Repubblica dell\u2019Iraq, Paese straordinario per storia, cultura e potenziale. E anche una forte responsabilit\u00e0 alla luce del ruolo che l\u2019Italia pu\u00f2 e deve svolgere in questo contesto per il futuro di tutta la regione.<\/p>\n<p style=\"text-align: justify;\">Il legame tra Italia e Iraq \u00e8 solido, storico e strategico. Un rapporto costruito nel tempo su fiducia reciproca, dialogo e collaborazione. Il mio impegno, condiviso con tutta la squadra dell\u2019Ambasciata a Baghdad e del Consolato Generale a Erbil, \u00e8 quello di consolidare e espandere questo partenariato in ogni sua dimensione.<\/p>\n<p style=\"text-align: justify;\">A livello politico stiamo lavorando per rafforzare il dialogo istituzionale ad alto livello, sostenendo l\u2019Iraq nel suo percorso di stabilizzazione, riforma e rafforzamento delle istituzioni democratiche. L\u2019Italia guarda con rispetto e attenzione alle aspirazioni del popolo iracheno e continuer\u00e0 a essere al suo fianco nel promuovere la sovranit\u00e0 nazionale e la coesione interna.<\/p>\n<p style=\"text-align: justify;\">Sul piano della sicurezza il nostro contributo rimane forte e convinto. Attraverso la partecipazione alle missioni NATO e alla Coalizione internazionale Anti-Daesh collaboriamo fianco a fianco con le forze di sicurezza irachene per il rafforzamento delle loro capacit\u00e0 di difesa e la lotta contro ogni forma di estremismo, nel rispetto della sovranit\u00e0 irachena e su basi paritarie.<\/p>\n<p style=\"text-align: justify;\">In ambito economico e commerciale, l\u2019Italia intende favorire una maggiore presenza del proprio sistema imprenditoriale in Iraq, promuovendo investimenti sostenibili, scambi tecnologici e partenariati industriali in settori chiave quali i macchinari, energia, infrastrutture, agricoltura e farmaceutica.<\/p>\n<p style=\"text-align: justify;\">La dimensione culturale \u00e8, per noi italiani, parte integrante della diplomazia. Siamo profondamente legati al patrimonio storico e archeologico dell\u2019Iraq, culla della civilt\u00e0 mesopotamica. Le missioni archeologiche italiane, attive da decenni sul territorio iracheno, rappresentano un simbolo tangibile di questa vicinanza e continueranno a essere sostenute e valorizzate.<\/p>\n<p style=\"text-align: justify;\">Lavoriamo ogni giorno con passione, professionalit\u00e0 e senso del dovere per costruire ponti duraturi tra le nostre societ\u00e0 civili. Per me essere Ambasciatore d\u2019Italia in Iraq significa servire un\u2019amicizia profonda, che ha radici antiche ma guarda al futuro con fiducia e determinazione.<\/p>\n<p style=\"text-align: justify;\">Italia e Iraq continueranno a camminare insieme, condividendo esperienze, progetti e valori. Con rispetto, visione e spirito di cooperazione.<\/p>\n<p style=\"text-align: justify;\">\n","protected":false},"excerpt":{"rendered":"Niccol\u00f2 Fontana \u00e8 l&#8217;Ambasciatore d&#8217;Italia in Iraq. Messaggio dell&#8217;Ambasciatore \u00c8 per me un onore rappresentare l\u2019Italia nella Repubblica dell\u2019Iraq, Paese straordinario per storia, cultura e potenziale. E anche una forte responsabilit\u00e0 alla luce del ruolo che l\u2019Italia pu\u00f2 e deve svolgere in questo contesto per il futuro di tutta la regione. Il legame tra Italia [&hellip;]","protected":false},"author":1,"featured_media":0,"parent":13,"menu_order":0,"comment_status":"closed","ping_status":"closed","template":"","meta":{"footnotes":""},"class_list":["post-38","page","type-page","status-publish","hentry"],"_links":{"self":[{"href":"https:\/\/ambbaghdad.esteri.it\/it\/wp-json\/wp\/v2\/pages\/38","targetHints":{"allow":["GET"]}}],"collection":[{"href":"https:\/\/ambbaghdad.esteri.it\/it\/wp-json\/wp\/v2\/pages"}],"about":[{"href":"https:\/\/ambbaghdad.esteri.it\/it\/wp-json\/wp\/v2\/types\/page"}],"author":[{"embeddable":true,"href":"https:\/\/ambbaghdad.esteri.it\/it\/wp-json\/wp\/v2\/users\/1"}],"replies":[{"embeddable":true,"href":"https:\/\/ambbaghdad.esteri.it\/it\/wp-json\/wp\/v2\/comments?post=38"}],"version-history":[{"count":6,"href":"https:\/\/ambbaghdad.esteri.it\/it\/wp-json\/wp\/v2\/pages\/38\/revisions"}],"predecessor-version":[{"id":5410,"href":"https:\/\/ambbaghdad.esteri.it\/it\/wp-json\/wp\/v2\/pages\/38\/revisions\/5410"}],"up":[{"embeddable":true,"href":"https:\/\/ambbaghdad.esteri.it\/it\/wp-json\/wp\/v2\/pages\/13"}],"wp:attachment":[{"href":"https:\/\/ambbaghdad.esteri.it\/it\/wp-json\/wp\/v2\/media?parent=38"}],"curies":[{"name":"wp","href":"https:\/\/api.w.org\/{rel}","templated":true}]}}