{"id":43,"date":"2023-04-11T18:10:30","date_gmt":"2023-04-11T16:10:30","guid":{"rendered":"https:\/\/ambasciatapraga.esteri.it\/?page_id=43"},"modified":"2025-01-09T12:45:06","modified_gmt":"2025-01-09T11:45:06","slug":"diplomazia-economica","status":"publish","type":"page","link":"https:\/\/ambbaghdad.esteri.it\/it\/italia-e-iraq\/diplomazia-economica\/","title":{"rendered":"Diplomazia economica"},"content":{"rendered":"<p style=\"text-align: justify;\">Le relazioni bilaterali tra Italia e Iraq vantano una lunga tradizione di scambi e collaborazioni in molteplici settori con il duplice obiettivo di rafforzare il ruolo strategico dell&#8217;Italia nella regione e favorire la crescita economica e sociale dell&#8217;Iraq. Il mutuo interesse ad approfondire le relazioni commerciali e accedere a nuove opportunit\u00e0 di business si accompagna alla necessit\u00e0 di trovare un ambiente pronto ad accogliere investimenti e che possa beneficiare dell\u2019impegno italiano, tipicamente caratterizzato dalla valida combinazione di formazione, trasferimento tecnologico e sostegno all&#8217;innovazione.<\/p>\n<p style=\"text-align: justify;\">L&#8217;Iraq rappresenta per l&#8217;Italia un importante partner commerciale sia quale fornitore di materie prime energetiche sia come mercato di sbocco per i prodotti italiani dei settori metalmeccanico, elettrico ed elettronico, nonch\u00e9 per i servizi forniti da societ\u00e0 di ingegneria civile e industriale. Le pi\u00f9 recenti potenzialit\u00e0 nel territorio riguardano inoltre il settore agricolo, l&#8217;industria farmaceutica, la filiera agro-alimentare, oltre certamente al settore Oil&amp;Gas.<\/p>\n<p style=\"text-align: justify;\">L\u2019<strong>Ufficio economico e commerciale<\/strong><strong>\u00a0<\/strong>dell\u2019Ambasciata d\u2019Italia a Baghdad si occupa del coordinamento delle attivit\u00e0 di promozione economica in Iraq, con l\u2019obiettivo di tutelare gli interessi economici italiani nel Paese di accreditamento, nonch\u00e9 di sostenere la crescita dell\u2019interscambio commerciale e dei flussi di investimento tra i due mercati.<\/p>\n<p style=\"text-align: justify;\">L\u2019Ufficio assicura assistenza alle imprese italiane, promuovendone gli interessi presso le autorit\u00e0 irachene, in particolare in relazione a commesse pubbliche, accesso al mercato e protezione degli investimenti. Intrattiene rapporti con enti e autorit\u00e0 dell\u2019Iraq federale competenti nel settore economico-commerciale e assicura un flusso costante di informazioni sull\u2019andamento congiunturale dell\u2019economia, sulle scelte di politica economica e sulla situazione del mercato. Mantiene inoltre regolari contatti con le istituzioni finanziarie per monitorare le riforme del settore bancario e le conseguenti evoluzioni sui rapporti finanziari bilaterali.<\/p>\n<p style=\"text-align: justify;\">Alcune attivit\u00e0 dell\u2019Ambasciata in ambito economico sono inoltre svolte in coordinamento con le progettualit\u00e0 di cooperazione allo sviluppo realizzando, in un\u2019ottica di complementariet\u00e0, attivit\u00e0 finalizzate alla promozione delle iniziative di sviluppo economico, di sostegno al settore privato e di supporto al tessuto produttivo del Paese, promuovendo un interscambio tra istituzioni, accademia, industria e privati.<\/p>\n<p style=\"text-align: justify;\">La strategia di promozione \u00e8 inoltre attuata in coordinamento con altri soggetti italiani attivi nel Paese, quali il Desk dell\u2019Agenzia ICE, attivo da dicembre 2023 &#8211; <a href=\"https:\/\/ambbaghdad.esteri.it\/it\/italia-e-iraq\/diplomazia-economica\/fare-affari-in-iraq\/servizi-per-le-imprese\/ice-locale\/\">ICE \u2013 Agenzia per la promozione all\u2019estero e l\u2019internazionalizzazione delle imprese italiane \u2013 Ambasciata d&#8217;Italia Baghdad (esteri.it)<\/a><em>, <\/em>\u00a0che offre servizi di informazione e assistenza per sviluppare e consolidare i rapporti sul mercato iracheno.<\/p>\n","protected":false},"excerpt":{"rendered":"Le relazioni bilaterali tra Italia e Iraq vantano una lunga tradizione di scambi e collaborazioni in molteplici settori con il duplice obiettivo di rafforzare il ruolo strategico dell&#8217;Italia nella regione e favorire la crescita economica e sociale dell&#8217;Iraq. Il mutuo interesse ad approfondire le relazioni commerciali e accedere a nuove opportunit\u00e0 di business si accompagna [&hellip;]","protected":false},"author":1,"featured_media":0,"parent":14,"menu_order":0,"comment_status":"closed","ping_status":"closed","template":"","meta":{"footnotes":""},"class_list":["post-43","page","type-page","status-publish","hentry"],"_links":{"self":[{"href":"https:\/\/ambbaghdad.esteri.it\/it\/wp-json\/wp\/v2\/pages\/43","targetHints":{"allow":["GET"]}}],"collection":[{"href":"https:\/\/ambbaghdad.esteri.it\/it\/wp-json\/wp\/v2\/pages"}],"about":[{"href":"https:\/\/ambbaghdad.esteri.it\/it\/wp-json\/wp\/v2\/types\/page"}],"author":[{"embeddable":true,"href":"https:\/\/ambbaghdad.esteri.it\/it\/wp-json\/wp\/v2\/users\/1"}],"replies":[{"embeddable":true,"href":"https:\/\/ambbaghdad.esteri.it\/it\/wp-json\/wp\/v2\/comments?post=43"}],"version-history":[{"count":2,"href":"https:\/\/ambbaghdad.esteri.it\/it\/wp-json\/wp\/v2\/pages\/43\/revisions"}],"predecessor-version":[{"id":4252,"href":"https:\/\/ambbaghdad.esteri.it\/it\/wp-json\/wp\/v2\/pages\/43\/revisions\/4252"}],"up":[{"embeddable":true,"href":"https:\/\/ambbaghdad.esteri.it\/it\/wp-json\/wp\/v2\/pages\/14"}],"wp:attachment":[{"href":"https:\/\/ambbaghdad.esteri.it\/it\/wp-json\/wp\/v2\/media?parent=43"}],"curies":[{"name":"wp","href":"https:\/\/api.w.org\/{rel}","templated":true}]}}