{"id":46,"date":"2023-04-11T18:11:52","date_gmt":"2023-04-11T16:11:52","guid":{"rendered":"https:\/\/ambasciatapraga.esteri.it\/?page_id=46"},"modified":"2025-01-09T12:52:00","modified_gmt":"2025-01-09T11:52:00","slug":"cooperazione-allo-sviluppo","status":"publish","type":"page","link":"https:\/\/ambbaghdad.esteri.it\/it\/italia-e-iraq\/cooperazione-allo-sviluppo\/","title":{"rendered":"Cooperazione allo sviluppo"},"content":{"rendered":"<p style=\"text-align: justify;\">Il legame di solidariet\u00e0, cooperazione e collaborazione tra Italia e Iraq affonda le proprie radici nel Trattato di Amicizia, Partenariato e Cooperazione del 2007 da cui \u00e8 scaturito l\u2019impegno della Cooperazione italiana per favorire la crescita socio-economica dell\u2019Iraq, con particolare attenzione alle donne, ai giovani e alle fasce pi\u00f9 deboli della popolazione.<\/p>\n<p style=\"text-align: justify;\">L\u2019Italia finanzia programmi e progetti realizzati da Organizzazioni Internazionali e Organizzazioni della Societ\u00e0 Civile, operando in rete con molteplici attori del settore pubblico e privato. Dal 2019 l\u2019Iraq rientra tra i paesi prioritari nell\u2019area mediorientale per la Cooperazione italiana allo sviluppo, contando diversi settori di intervento, tra cui: il sostegno alla stabilizzazione delle aree liberate da Daesh, la protezione del patrimonio culturale, lo sviluppo sostenibile dell\u2019ambiente sociale ed economico, ivi inclusi interventi nel settore medico-sanitario, educativo e imprenditoriale, e pi\u00f9 di recente la lotta agli effetti del cambiamento climatico e la tutela dell\u2019ambiente.<\/p>\n<p style=\"text-align: justify;\">In risposta alle crisi umanitarie, sono stati deliberati numerosi interventi di emergenza e resilienza, con un focus sui settori Salute, Istruzione, Protezione e Livelihood, contribuendo a migliorare l&#8217;accessibilit\u00e0, l&#8217;inclusione e la qualit\u00e0 dei servizi di base, aumentare il reddito familiare e ampliare l&#8217;accesso a opportunit\u00e0 di lavoro.<\/p>\n<p style=\"text-align: justify;\">La Cooperazione italiana sostiene inoltre il finanziamento di azioni volte a consentire rimpatri sicuri e dignitosi della popolazione irachena sfollata.<\/p>\n<p style=\"text-align: justify;\">Le attivit\u00e0 della Cooperazione italiana in Iraq sono programmate ed attuate d\u2019intesa con l\u2019Agenzia Italiana per la Cooperazione allo Sviluppo (AICS) che \u00e8 presente sul territorio con due Uffici di programma a Baghdad (dal 2023) e a Erbil (dal 2013).<\/p>\n<p style=\"text-align: justify;\">Per ulteriori approfondimenti sulle attivit\u00e0 di cooperazione consultare il <a href=\"https:\/\/amman.aics.gov.it\/home-ita\/paesi\/iniziative\/iraq-contesto\/\">sito di AICS Amman<\/a>, competente anche per le iniziative di cooperazione internazionale in Iraq.<\/p>\n","protected":false},"excerpt":{"rendered":"Il legame di solidariet\u00e0, cooperazione e collaborazione tra Italia e Iraq affonda le proprie radici nel Trattato di Amicizia, Partenariato e Cooperazione del 2007 da cui \u00e8 scaturito l\u2019impegno della Cooperazione italiana per favorire la crescita socio-economica dell\u2019Iraq, con particolare attenzione alle donne, ai giovani e alle fasce pi\u00f9 deboli della popolazione. L\u2019Italia finanzia programmi [&hellip;]","protected":false},"author":1,"featured_media":0,"parent":14,"menu_order":6,"comment_status":"closed","ping_status":"closed","template":"","meta":{"footnotes":""},"class_list":["post-46","page","type-page","status-publish","hentry"],"_links":{"self":[{"href":"https:\/\/ambbaghdad.esteri.it\/it\/wp-json\/wp\/v2\/pages\/46","targetHints":{"allow":["GET"]}}],"collection":[{"href":"https:\/\/ambbaghdad.esteri.it\/it\/wp-json\/wp\/v2\/pages"}],"about":[{"href":"https:\/\/ambbaghdad.esteri.it\/it\/wp-json\/wp\/v2\/types\/page"}],"author":[{"embeddable":true,"href":"https:\/\/ambbaghdad.esteri.it\/it\/wp-json\/wp\/v2\/users\/1"}],"replies":[{"embeddable":true,"href":"https:\/\/ambbaghdad.esteri.it\/it\/wp-json\/wp\/v2\/comments?post=46"}],"version-history":[{"count":2,"href":"https:\/\/ambbaghdad.esteri.it\/it\/wp-json\/wp\/v2\/pages\/46\/revisions"}],"predecessor-version":[{"id":4258,"href":"https:\/\/ambbaghdad.esteri.it\/it\/wp-json\/wp\/v2\/pages\/46\/revisions\/4258"}],"up":[{"embeddable":true,"href":"https:\/\/ambbaghdad.esteri.it\/it\/wp-json\/wp\/v2\/pages\/14"}],"wp:attachment":[{"href":"https:\/\/ambbaghdad.esteri.it\/it\/wp-json\/wp\/v2\/media?parent=46"}],"curies":[{"name":"wp","href":"https:\/\/api.w.org\/{rel}","templated":true}]}}