{"id":49,"date":"2023-04-11T18:13:11","date_gmt":"2023-04-11T16:13:11","guid":{"rendered":"https:\/\/ambasciatapraga.esteri.it\/?page_id=49"},"modified":"2023-11-24T14:34:37","modified_gmt":"2023-11-24T13:34:37","slug":"passaporti-e-carte-didentita","status":"publish","type":"page","link":"https:\/\/ambbaghdad.esteri.it\/it\/servizi-consolari-e-visti\/servizi-per-il-cittadino-italiano\/passaporti-e-carte-didentita\/","title":{"rendered":"Passaporti"},"content":{"rendered":"<p style=\"text-align: justify;\">Per il rilascio del passaporto ordinario, l&#8217;interessato deve presentare all&#8217;Ambasciata il formulario di richiesta debitamente compilato unitamente al passaporto precedente, se del caso.<\/p>\n<p style=\"text-align: justify;\">In caso di smarrimento o furto del precedente passaporto dovr\u00e0 essere presentata la relativa denuncia resa alle locali autorit\u00e0, se gi\u00e0 effettuata, e il modulo di denuncia valido per le autorit\u00e0 italiane.<\/p>\n<p style=\"text-align: justify;\">Nel caso l&#8217;interessato abbia figli minori, dovr\u00e0 inoltre presentare l\u2019atto di assenso compilato e sottoscritto dall\u2019altro genitore assieme a copia di un documento di identit\u00e0 dello stesso (in caso di cittadino extra UE non stabilmente residente in Italia la firma andr\u00e0 apposta in presenza oppure autenticata nelle forme di legge), sia per il rilascio del passaporto ai suddetti minori sia per il rilascio del proprio passaporto.<\/p>\n<p style=\"text-align: justify;\">La documentazione pu\u00f2 essere inviata via email al seguente indirizzo:\u00a0<a href=\"mailto:baghdad.consolare@esteri.it\">baghdad.consolare@esteri.it<\/a><\/p>\n<p style=\"text-align: justify;\">Ricevuta l\u2019istanza, verr\u00e0 fissato un appuntamento presso la Cancelleria Consolare per la presentazione dei documenti, la rilevazione dei dati biometrici (foto, firma e impronte digitali) e l\u2019emissione del passaporto. Qualora il richiedente non sia residente e iscritto all&#8217;AIRE nella circoscrizione di questa Ambasciata, sar\u00e0 necessario ottenere dalle Autorit\u00e0 competenti per residenza le preventive autorizzazioni richieste dalla\u00a0<a href=\"https:\/\/www.esteri.it\/MAE\/normative\/leg21.11.67.pdf\">Legge Passaporti.<\/a><\/p>\n<p style=\"text-align: justify;\">Nella data indicata, l&#8217;interessato dovr\u00e0 presentarsi personalmente in Ambasciata con:<\/p>\n<p style=\"text-align: justify;\">a. l\u2019originale dell\u2019istanza;<\/p>\n<p style=\"text-align: justify;\">b. il precedente passaporto\u00a0e l\u2019atto di assenso (se del caso);<\/p>\n<p style=\"text-align: justify;\">c. 2 foto formato tessere, frontali e con sfondo bianco;<\/p>\n<p style=\"text-align: justify;\">d. L\u2019equivalente in dollari contanti di 116 Euro in base al cambio determinato trimestralmente.<\/p>\n<p style=\"text-align: justify;\">Con questa procedura l\u2019emissione del nuovo passaporto avviene a \u201cvista\u201d il giorno stesso dell\u2019appuntamento in Ambasciata, in modo che l&#8217;interessato non debba ritornare in un secondo tempo.<\/p>\n<p style=\"text-align: justify;\">Alla sezione &#8220;<a href=\"https:\/\/ambbaghdad.esteri.it\/it\/servizi-consolari-e-visti\/servizi-per-il-cittadino-italiano\/modulistica\/\">Modulistica<\/a>&#8221; di questo sito \u00e8 possibile scaricare i seguenti moduli:<\/p>\n<p style=\"text-align: justify;\">\u00b7 formulario di richiesta del passaporto<\/p>\n<p style=\"text-align: justify;\">\u00b7 atto di assenso per il rilascio del passaporto al coniuge (se sussistono figli minori)<\/p>\n<p style=\"text-align: justify;\">\u00b7 atto di assenso del coniuge (per il rilascio del passaporto a figli minori)<\/p>\n<p style=\"text-align: justify;\">\u00b7 modulo per la denuncia di furto o smarrimento del precedente passaporto<\/p>\n<p style=\"text-align: justify;\">Per ulteriori informazioni visitate il sito del MAECI: Documenti di viaggio &#8211;\u00a0<a href=\"https:\/\/www.esteri.it\/it\/servizi-consolari-e-visti\/italiani-all-estero\/documenti_di_viaggio\/passaporto\/\">PASSAPORTO<\/a><\/p>\n","protected":false},"excerpt":{"rendered":"Per il rilascio del passaporto ordinario, l&#8217;interessato deve presentare all&#8217;Ambasciata il formulario di richiesta debitamente compilato unitamente al passaporto precedente, se del caso. In caso di smarrimento o furto del precedente passaporto dovr\u00e0 essere presentata la relativa denuncia resa alle locali autorit\u00e0, se gi\u00e0 effettuata, e il modulo di denuncia valido per le autorit\u00e0 italiane. [&hellip;]","protected":false},"author":1,"featured_media":0,"parent":47,"menu_order":0,"comment_status":"closed","ping_status":"closed","template":"","meta":{"footnotes":""},"class_list":["post-49","page","type-page","status-publish","hentry"],"_links":{"self":[{"href":"https:\/\/ambbaghdad.esteri.it\/it\/wp-json\/wp\/v2\/pages\/49","targetHints":{"allow":["GET"]}}],"collection":[{"href":"https:\/\/ambbaghdad.esteri.it\/it\/wp-json\/wp\/v2\/pages"}],"about":[{"href":"https:\/\/ambbaghdad.esteri.it\/it\/wp-json\/wp\/v2\/types\/page"}],"author":[{"embeddable":true,"href":"https:\/\/ambbaghdad.esteri.it\/it\/wp-json\/wp\/v2\/users\/1"}],"replies":[{"embeddable":true,"href":"https:\/\/ambbaghdad.esteri.it\/it\/wp-json\/wp\/v2\/comments?post=49"}],"version-history":[{"count":7,"href":"https:\/\/ambbaghdad.esteri.it\/it\/wp-json\/wp\/v2\/pages\/49\/revisions"}],"predecessor-version":[{"id":3110,"href":"https:\/\/ambbaghdad.esteri.it\/it\/wp-json\/wp\/v2\/pages\/49\/revisions\/3110"}],"up":[{"embeddable":true,"href":"https:\/\/ambbaghdad.esteri.it\/it\/wp-json\/wp\/v2\/pages\/47"}],"wp:attachment":[{"href":"https:\/\/ambbaghdad.esteri.it\/it\/wp-json\/wp\/v2\/media?parent=49"}],"curies":[{"name":"wp","href":"https:\/\/api.w.org\/{rel}","templated":true}]}}