{"id":604,"date":"2023-09-12T17:23:28","date_gmt":"2023-09-12T15:23:28","guid":{"rendered":"https:\/\/ambbaghdad.esteri.it\/?page_id=604"},"modified":"2024-11-07T08:50:06","modified_gmt":"2024-11-07T07:50:06","slug":"curriculum-vitae","status":"publish","type":"page","link":"https:\/\/ambbaghdad.esteri.it\/it\/chi-siamo\/lambasciatore\/curriculum-vitae\/","title":{"rendered":"Curriculum Vitae"},"content":{"rendered":"<p><strong>Niccol\u00f2 Fontana<\/strong><\/p>\n<p><strong>Ambasciatore d\u2019Italia a Baghdad<\/strong><\/p>\n<p>Dal 7 novembre 2024 \u00e8 Ambasciatore d\u2019Italia in Iraq.<\/p>\n<p>Direttore Centrale per la Comunicazione del Ministero degli Esteri dal 1\u00b0 gennaio 2022, Niccol\u00f2 Fontana ha svolto l\u2019incarico di Portavoce del Ministero, occupandosi della comunicazione istituzionale della Farnesina e della sua rete diplomatico-consolare. Ha curato in prima persona la comunicazione del Ministro degli Esteri nel corso delle missioni all\u2019estero e in occasione di incontri ed eventi internazionali in Italia.<\/p>\n<p>Dal marzo 2019 Primo Consigliere presso la Rappresentanza Permanente d\u2019Italia presso le Nazioni Unite, si \u00e8 occupato di riforma del Consiglio di Sicurezza dell\u2019ONU, di procurement a beneficio delle aziende italiane e dei rapporti con il personale italiano nel sistema onusiano.<\/p>\n<p>Ha rivestito l\u2019incarico di Capo dell\u2019ufficio economico-commerciale dell\u2019Ambasciata a Mosca tra il 2014 e il marzo 2019. Dal luglio 2012 all\u2019agosto 2014 \u00e8 stato capo dell\u2019ufficio stampa italiana ed estera presso il Servizio Stampa della Farnesina.<\/p>\n<p>In servizio all\u2019Ambasciata d\u2019Italia a Washington dal 2008 al 2012 si \u00e8 occupato di politica interna americana, di rapporti con il Congresso e di temi di diplomazia pubblica.\u00a0 Dal 2004 al 2008, per il primo incarico all\u2019estero, ha svolto le funzioni di responsabile dell\u2019ufficio economico-commerciale presso l\u2019Ambasciata d\u2019Italia a Santiago del Cile, in anni di forte sviluppo dei rapporti bilaterali e di costante crescita dell\u2019interscambio e degli investimenti italiani nel Paese.<\/p>\n<p>Entrato in carriera diplomatica nel dicembre 2000, ha svolto il primo incarico alla Farnesina presso il Cerimoniale Diplomatico della Repubblica.<\/p>\n<p>Nato a Firenze il 6 luglio 1975, dopo aver conseguito la Maturit\u00e0 linguistica, si \u00e8 laureato con lode in Scienze Politiche presso la facolt\u00e0 \u201cCesare Alfieri\u201d dell\u2019Universit\u00e0 di Firenze. Ha servito, quale volontario, nel 7\u00b0 Reggimento Alpini di Feltre, partecipando anche alla missione NATO SFOR in Bosnia.<\/p>\n<p>Sposato dal 2003 con Tania Morrocchi, \u00e8 padre di Pietro, Ginevra e Cosimo. Appassionato di calcio e basket, \u00e8 un maratoneta. Ama leggere, ascoltare musica e viaggiare.<\/p>\n<p>\u00c8 Cavaliere dell\u2019Ordine al Merito della Repubblica Italiana.<\/p>\n","protected":false},"excerpt":{"rendered":"Niccol\u00f2 Fontana Ambasciatore d\u2019Italia a Baghdad Dal 7 novembre 2024 \u00e8 Ambasciatore d\u2019Italia in Iraq. Direttore Centrale per la Comunicazione del Ministero degli Esteri dal 1\u00b0 gennaio 2022, Niccol\u00f2 Fontana ha svolto l\u2019incarico di Portavoce del Ministero, occupandosi della comunicazione istituzionale della Farnesina e della sua rete diplomatico-consolare. Ha curato in prima persona la comunicazione [&hellip;]","protected":false},"author":4,"featured_media":0,"parent":38,"menu_order":0,"comment_status":"closed","ping_status":"closed","template":"","meta":{"footnotes":""},"class_list":["post-604","page","type-page","status-publish","hentry"],"_links":{"self":[{"href":"https:\/\/ambbaghdad.esteri.it\/it\/wp-json\/wp\/v2\/pages\/604","targetHints":{"allow":["GET"]}}],"collection":[{"href":"https:\/\/ambbaghdad.esteri.it\/it\/wp-json\/wp\/v2\/pages"}],"about":[{"href":"https:\/\/ambbaghdad.esteri.it\/it\/wp-json\/wp\/v2\/types\/page"}],"author":[{"embeddable":true,"href":"https:\/\/ambbaghdad.esteri.it\/it\/wp-json\/wp\/v2\/users\/4"}],"replies":[{"embeddable":true,"href":"https:\/\/ambbaghdad.esteri.it\/it\/wp-json\/wp\/v2\/comments?post=604"}],"version-history":[{"count":3,"href":"https:\/\/ambbaghdad.esteri.it\/it\/wp-json\/wp\/v2\/pages\/604\/revisions"}],"predecessor-version":[{"id":3885,"href":"https:\/\/ambbaghdad.esteri.it\/it\/wp-json\/wp\/v2\/pages\/604\/revisions\/3885"}],"up":[{"embeddable":true,"href":"https:\/\/ambbaghdad.esteri.it\/it\/wp-json\/wp\/v2\/pages\/38"}],"wp:attachment":[{"href":"https:\/\/ambbaghdad.esteri.it\/it\/wp-json\/wp\/v2\/media?parent=604"}],"curies":[{"name":"wp","href":"https:\/\/api.w.org\/{rel}","templated":true}]}}