{"id":624,"date":"2023-09-12T17:48:53","date_gmt":"2023-09-12T15:48:53","guid":{"rendered":"https:\/\/ambbaghdad.esteri.it\/?page_id=624"},"modified":"2023-09-15T15:38:25","modified_gmt":"2023-09-15T13:38:25","slug":"avvisi-agli-utenti","status":"publish","type":"page","link":"https:\/\/ambbaghdad.esteri.it\/it\/servizi-consolari-e-visti\/servizi-per-il-cittadino-straniero\/avvisi-agli-utenti\/","title":{"rendered":"Avvisi agli utenti"},"content":{"rendered":"<p style=\"text-align: justify;\"><strong>IMPORTANTE PER L&#8217;ACCESSO DELL\u2019UTENZA AGLI UFFICI DELLA SEDE:<br \/>\n<\/strong><br \/>\nNell&#8217;ottica di un continuo miglioramento del rapporto verso l&#8217;utenza presente presso il territorio Iracheno, questa Ambasciata ha modificato la procedura per l&#8217;accesso ai suoi Uffici, in base alla quale l&#8217;utente ha la possibilit\u00e0 prenotare un appuntamento direttamente on-line.<br \/>\nLa nuova procedura \u00e8 applicata, per il momento, all&#8217;Ufficio Visti e verr\u00e0 successivamente estesa agli altri Servizi.<\/p>\n<p style=\"text-align: justify;\">IMPORTANTE PER TUTTI I CITTADINI ITALIANI IN PROCINTO DI RECARSI IN IRAQ:<\/p>\n<p style=\"text-align: justify;\">Si ricorda ai cittadini italiani in procinto di recarsi in Iraq che per l&#8217;ingresso nel Paese \u00e8 necessario il visto d&#8217;ingresso, da richiedere presso l&#8217;Ambasciata dell\u2019Iraq a Roma. Qualora si volesse prolungare il soggiorno oltre i 30 giorni, il visto pu\u00f2 essere prorogato rivolgendosi alle Autorit\u00e0 locali competenti (Residency Office).<br \/>\n<strong>Entro dieci giorni dalla data di arrivo nel Paese occorre, in ogni caso, rivolgersi alle suddette Autorit\u00e0 per l\u2019apposizione del visto d\u2019uscita obbligatorio per lasciare il Paese. Sanzioni amministrative importanti sono applicate in caso di inadempienza.<br \/>\n<\/strong>Su approvazione delle Autorit\u00e0 regionali, e\u2019 possibile ottenere il visto d\u2019ingresso valido per la sola Regione del Kurdistan iracheno al momento dell\u2019arrivo all\u2019aeroporto di Erbil o di Suleymania.<br \/>\nSi ricorda inoltre di consultare sempre in via preliminare il sito\u00a0<a href=\"http:\/\/www.viaggiaresicuri.it\/\"><strong>http:\/\/www.viaggiaresicuri.it\/<\/strong><\/a>, di iscriversi al portale\u00a0<a href=\"http:\/\/www.dovesiamonelmondo.it\/\"><strong>http:\/\/www.dovesiamonelmondo.it\/<\/strong><\/a>\u00a0e di informare l\u2019ufficio consolare di questa Ambasciata della propria presenza nel Paese. Si informa inoltre che:<br \/>\nle misure vigenti in Iraq in materia di antiterrorismo includono il divieto di fotografare o filmare edifici \u201csensibili\u201d, come check point, sedi di istituzioni governative, convogli militari, personale militare e di polizia;<br \/>\ni giornalisti che intendano effettuare servizi in Iraq devono ottenere in via preliminare le necessarie autorizzazioni ad esercitare la propria attivit\u00e0 nel Paese, informando delle proprie intenzioni l\u2019Ambasciata irachena a Roma all\u2019atto della richiesta del visto e le autorit\u00e0 locali all\u2019arrivo nel Paese.<\/p>\n<p style=\"text-align: justify;\"><strong>RESTITUZIONE AI TITOLARI DI CARTE D&#8217;IDENTITA&#8217; ITALIANE RINVENUTE ALL&#8217;ESTERO.<\/strong><\/p>\n<p style=\"text-align: justify;\">Si rende noto all\u2019utenza che le carte d\u2019identit\u00e0 oggetto di furto o smarrimento all\u2019estero, in caso di rinvenimento, vengono di norma restituite agli Uffici consolari nella cui circoscrizione \u00e8 avvenuto il furto o lo smarrimento.<br \/>\nSi invitano pertanto coloro che abbiano recentemente subito all\u2019estero un furto\/smarrimento e vogliano verificare se la propria carta d\u2019identit\u00e0 sia stata rinvenuta, a contattare l\u2019Ufficio consolare territorialmente competente per ulteriori informazioni in merito.<br \/>\nSi segnala che l\u2019eventuale ritiro dei predetti documenti potr\u00e0 avvenire, presso l\u2019Ufficio consolare dove \u00e8 avvenuto il rinvenimento, secondo le seguenti modalit\u00e0:<br \/>\n\uf0d8 presso gli sportelli dell\u2019Ufficio consolare;<br \/>\n\uf0d8 su richiesta dell\u2019interessato, tramite spedizione, con spese a suo carico. Data la situazione particolare di questa sede la spedizione potr\u00e0 verificarsi attraverso corriere.<br \/>\nCon riferimento alle carte di identit\u00e0 rilasciate dalla Rete consolare rubate o smarrite all\u2019estero, sar\u00e0 cura degli Uffici consolari comunicarne il rinvenimento al titolare, evidenziando che le stesse saranno distrutte nel caso in cui non ne sia stata richiesta la restituzione trascorso un anno dalla data del rinvenimento.<\/p>\n<p style=\"text-align: justify;\"><strong>DIVIETO D&#8217;IMPORTAZIONE DI PRODOTTI CHIMICI PROVENIENTI DALL&#8217;ESTERO.<\/strong><\/p>\n<p style=\"text-align: justify;\">E&#8217; stata recentemente diffusa dal Governo iracheno una lista di 363 prodotti chimici per i quali \u00e8 fatto assoluto divieto di importazione all&#8217;interno del territorio iracheno, per ragioni di sicurezza. Le aziende italiane interessate possono ricevere tale lista, gratuitamente, rivolgendosi all&#8217;indirizzo\u00a0<a href=\"mailto:baghdad.commerciale@esteri.it\"><strong>baghdad.commerciale@esteri.it<\/strong><\/a>\u00a0.<\/p>\n<p style=\"text-align: justify;\"><strong>ENTRATA IN VIGORE DELLA NUOVA TARIFF LAW 22\/2010 (SISTEMA ARMONIZZATO DOGANALE).<\/strong><\/p>\n<p style=\"text-align: justify;\">A partire dal 2 gennaio 2014 \u00e8 in vigore la nuova Tariff Law 22\/2010, applicata in tutti i porti (di terra e di mare) d&#8217;ingresso sul territorio iracheno, compresa la Regione del Kurdistan. Per il momento tale legge, la cui applicazione era stata inizialmente differita di tre anni e, nel luglio 2013, di ulteriori sei mesi, prevede l&#8217;imposizione di dazi sulla merce importata pari ad un massimo del 20% del valore della merce, ma \u00e8 possibile che vi siano incrementi in futuro. La lista delle merci sottoposte alle nuove imposizioni doganali \u00e8 disponibile presso l&#8217;Ufficio commerciale dell&#8217;Ambasciata e potr\u00e0 essere fornita su richiesta da inoltrare a:\u00a0<a href=\"mailto:baghdad.commerciale@esteri.it\"><strong>baghdad.commerciale@esteri.it<\/strong><\/a><br \/>\nLa lista \u00e8 soggetta a possibili variazioni, l&#8217;Ambasciata non si assume pertanto alcuna responsabilit\u00e0 per eventuali cambiamenti da parte delle autorit\u00e0 doganali irachene.<\/p>\n","protected":false},"excerpt":{"rendered":"IMPORTANTE PER L&#8217;ACCESSO DELL\u2019UTENZA AGLI UFFICI DELLA SEDE: Nell&#8217;ottica di un continuo miglioramento del rapporto verso l&#8217;utenza presente presso il territorio Iracheno, questa Ambasciata ha modificato la procedura per l&#8217;accesso ai suoi Uffici, in base alla quale l&#8217;utente ha la possibilit\u00e0 prenotare un appuntamento direttamente on-line. La nuova procedura \u00e8 applicata, per il momento, all&#8217;Ufficio [&hellip;]","protected":false},"author":4,"featured_media":0,"parent":48,"menu_order":0,"comment_status":"closed","ping_status":"closed","template":"","meta":{"footnotes":""},"class_list":["post-624","page","type-page","status-publish","hentry"],"_links":{"self":[{"href":"https:\/\/ambbaghdad.esteri.it\/it\/wp-json\/wp\/v2\/pages\/624","targetHints":{"allow":["GET"]}}],"collection":[{"href":"https:\/\/ambbaghdad.esteri.it\/it\/wp-json\/wp\/v2\/pages"}],"about":[{"href":"https:\/\/ambbaghdad.esteri.it\/it\/wp-json\/wp\/v2\/types\/page"}],"author":[{"embeddable":true,"href":"https:\/\/ambbaghdad.esteri.it\/it\/wp-json\/wp\/v2\/users\/4"}],"replies":[{"embeddable":true,"href":"https:\/\/ambbaghdad.esteri.it\/it\/wp-json\/wp\/v2\/comments?post=624"}],"version-history":[{"count":3,"href":"https:\/\/ambbaghdad.esteri.it\/it\/wp-json\/wp\/v2\/pages\/624\/revisions"}],"predecessor-version":[{"id":682,"href":"https:\/\/ambbaghdad.esteri.it\/it\/wp-json\/wp\/v2\/pages\/624\/revisions\/682"}],"up":[{"embeddable":true,"href":"https:\/\/ambbaghdad.esteri.it\/it\/wp-json\/wp\/v2\/pages\/48"}],"wp:attachment":[{"href":"https:\/\/ambbaghdad.esteri.it\/it\/wp-json\/wp\/v2\/media?parent=624"}],"curies":[{"name":"wp","href":"https:\/\/api.w.org\/{rel}","templated":true}]}}