{"id":708,"date":"2023-09-20T20:00:36","date_gmt":"2023-09-20T18:00:36","guid":{"rendered":"https:\/\/ambbaghdad.esteri.it\/?page_id=708"},"modified":"2025-12-23T10:25:14","modified_gmt":"2025-12-23T09:25:14","slug":"bandi-di-gara","status":"publish","type":"page","link":"https:\/\/ambbaghdad.esteri.it\/it\/amministrazione-trasparente\/bandi-di-gara-e-contratti\/bandi-di-gara\/","title":{"rendered":"Bandi di gara"},"content":{"rendered":"<p style=\"text-align: justify;\"><strong>Servizio di sorveglianza e controllo accessi presso l\u2019Ambasciata d\u2019Italia a Baghdad per l\u2019anno 2026<\/strong><\/p>\n<p style=\"text-align: justify;\">L\u2019Ambasciata d\u2019Italia a Baghdad intende promuovere una indagine esplorativa finalizzata all\u2019acquisizione di manifestazioni di interesse per la partecipazione al procedimento di aggiudicazione del servizio di sorveglianza e controllo accessi dell\u2019Ambasciata.<\/p>\n<p style=\"text-align: justify;\">Per maggiori informazioni si prega di consultare il relativo <a href=\"https:\/\/ambbaghdad.esteri.it\/it\/amministrazione-trasparente\/bandi-di-gara-e-contratti\/bandi-di-gara\/avviso\/\">Avviso<\/a>.<\/p>\n<ul>\n<li style=\"text-align: justify;\"><a href=\"https:\/\/ambbaghdad.esteri.it\/wp-content\/uploads\/2025\/12\/Decreto-di-aggiudicazione-n.-30-2025-Sorveglianza-2026_controfirmato.pdf\">Con\u00a0Decreto n. 30\/2025 del 21.12.2025<\/a>\u00a0la procedura negoziata senza previa pubblicazione (\u00a0<strong>CIG B96DF233C0<\/strong>) per l\u2019affidamento del servizio di sorveglianza armata del Compound diplomatico dell\u2019Ambasciata d\u2019Italia a Baghdad a decorrere dal 1 gennaio 2026 \u00e8 stata aggiudicata alla societ\u00e0\u00a0<strong>CONTROL RISKS GROUP LIMITED\u00a0<\/strong>con sede in Baghdad.<\/li>\n<\/ul>\n<p style=\"text-align: justify;\"><strong>Servizio di manutenzione del compound dell\u2019Ambasciata d\u2019Italia a Baghdad per l\u2019anno 2024<\/strong><\/p>\n<p style=\"text-align: justify;\">\u00a0L\u2019Ambasciata d\u2019Italia a Baghdad intende promuovere una indagine esplorativa finalizzata all\u2019acquisizione di manifestazione di interesse per la partecipazione al procedimento di aggiudicazione per l\u2019aggiudicazione del servizio di manutenzione del compound dell\u2019Ambasciata.<\/p>\n<p style=\"text-align: justify;\">Per maggiori informazioni si prega di consultare il relativo <a href=\"https:\/\/ambbaghdad.esteri.it\/wp-content\/uploads\/2023\/09\/avviso_manutenzione_ambasciata_2024-ITA.docx\">Avviso<\/a>.<\/p>\n<ul style=\"text-align: justify;\">\n<li><a href=\"https:\/\/ambbaghdad.esteri.it\/wp-content\/uploads\/2023\/11\/Decreto-n.-17-del-12.11.2023-M.pdf\">Con\u00a0Decreto n. 17\/2023 del 12.11.2023<\/a>\u00a0la procedura negoziata senza previa pubblicazione (<strong>Gara n. 9329831<\/strong> \u2013 <strong>CIG A0120A5341<\/strong>) per l\u2019affidamento dei servizi di manutenzione del Compound diplomatico dell\u2019Ambasciata d\u2019Italia a Baghdad a decorrere dal 1 gennaio 2024 \u00e8 stata aggiudicata alla societ\u00e0\u00a0<strong>TAYLORS INTERNATIONAL SERVICES INC. <\/strong>con sede in Baghdad.<\/li>\n<\/ul>\n<div style=\"text-align: justify;\">\n<p><strong>Servizio di sorveglianza e controllo accessi presso l\u2019Ambasciata d\u2019Italia a Baghdad per l\u2019anno 2024<\/strong><\/p>\n<div>\n<p style=\"text-align: justify;\">L\u2019Ambasciata d\u2019Italia a Baghdad intende promuovere una indagine esplorativa finalizzata all\u2019acquisizione di manifestazioni di interesse per la partecipazione al procedimento di aggiudicazione del servizio di sorveglianza e controllo accessi dell\u2019Ambasciata.<\/p>\n<p style=\"text-align: justify;\">Per maggiori informazioni si prega di consultare il relativo <a href=\"https:\/\/ambbaghdad.esteri.it\/wp-content\/uploads\/2023\/09\/avviso_sorveglianza_ambasciata_2024-ITA.docx\">Avviso<\/a>.<\/p>\n<ul>\n<li><a href=\"https:\/\/ambbaghdad.esteri.it\/wp-content\/uploads\/2023\/11\/Decreto-n.-18-del-12.11.2023-S.pdf\">Con\u00a0Decreto n. 18\/2023 del 12.11.2023<\/a>\u00a0la procedura negoziata senza previa pubblicazione (<strong>Gara n. 9329863<\/strong> \u2013 <strong>CIG A0120FCB0A<\/strong>) per l\u2019affidamento del servizio di sorveglianza armata del Compound diplomatico dell\u2019Ambasciata d\u2019Italia a Baghdad a decorrere dal 1 gennaio 2024 \u00e8 stata aggiudicata alla societ\u00e0\u00a0<strong>G4S SECURE SOLUTIONS (IRAQ) LIMITED <\/strong>con sede in Baghdad.<\/li>\n<\/ul>\n<\/div>\n<\/div>\n<p style=\"text-align: justify;\"><strong>Esternalizzazione di servizi relativi allo svolgimento di attivit\u00e0 connesse al rilascio dei visti di ingresso in Italia<\/strong><\/p>\n<p style=\"text-align: justify;\"><strong>Anno 2023<\/strong><\/p>\n<p style=\"text-align: justify;\"><span style=\"text-decoration: underline;\">AVVISO DI PRE-INFORMAZIONE<\/span><\/p>\n<p style=\"text-align: justify;\">L\u2019Ambasciata d\u2019Italia a Baghdad rende noto che dal mese di marzo 2023 sar\u00e0 dato avvio a una gara per l\u2019esternalizzazione di servizi relativi allo svolgimento di attivit\u00e0 connesse al rilascio dei visti di ingresso in Italia.<\/p>\n<p style=\"text-align: justify;\">Per maggiori informazioni si prega di consultare l\u2019<a href=\"https:\/\/ambbaghdad.esteri.it\/wp-content\/uploads\/2023\/11\/1._avviso_di_pre-informazione.pdf\">Avviso<\/a>.<\/p>\n<p style=\"text-align: justify;\"><strong>Anno 2019<\/strong><\/p>\n<p style=\"text-align: justify;\">L&#8217;Ambasciata d&#8217;Italia a Baghdad indice una procedura negoziata per l&#8217;esternalizzazione di servizi relativi allo svolgimento di attivit\u00e0 connesse al rilascio dei visti di ingresso in Italia a decorrere dall&#8217;1 gennaio 2019<\/p>\n<p style=\"text-align: justify;\">Qui di seguito pu\u00f2 essere scaricata la documentazione di gara:<\/p>\n<p style=\"text-align: justify;\">&#8211;\u00a0<a href=\"https:\/\/ambbaghdad.esteri.it\/wp-content\/uploads\/2023\/11\/26062018_outsourcing_visti_bando_di_gara.pdf\">Bando di gara<\/a><\/p>\n<p style=\"text-align: justify;\">&#8211;\u00a0<a href=\"https:\/\/ambbaghdad.esteri.it\/wp-content\/uploads\/2023\/11\/26062018_outsourcing_visti_disciplinare_di_gara.pdf\">Norme di partecipazione (Disciplinare)<\/a><\/p>\n<p style=\"text-align: justify;\">&#8211;\u00a0<a href=\"https:\/\/ambbaghdad.esteri.it\/wp-content\/uploads\/2023\/11\/26062018_outsourcing_visti_capitolato_tecnico_di_gara.pdf\">Capitolato tecnico di gara<\/a><\/p>\n<p style=\"text-align: justify;\">&#8211;\u00a0<a href=\"https:\/\/ambbaghdad.esteri.it\/wp-content\/uploads\/2023\/11\/26062018_outsourcing_visti_domanda_di_ammissione.pdf\">Domanda di ammissione<\/a><\/p>\n<p style=\"text-align: justify;\">Il termine per la presentazione delle domande \u00e8 il\u00a0<strong>9 agosto 2018 alle ore 17:00 (GMT +2).<\/strong><\/p>\n<p style=\"text-align: justify;\">Con\u00a0<a href=\"https:\/\/ambbaghdad.esteri.it\/wp-content\/uploads\/2023\/11\/08102018_outsourcing_visti_decreto_di_aggiudicazione.pdf\">Decreto n. 29\/2018 dell&#8217;8.10.2018<\/a>\u00a0la gara per l&#8217;esternalizzazione di servizi relativi allo svolgimento di attivit\u00e0 connesse al rilascio di visti d&#8217;ingresso in Italia a decorrere dal 1 gennaio 2019 \u00e8 stata aggiudicata alla societ\u00e0\u00a0<strong>VF Worldwide Holdings Ltd. Unit 3205 &#8211; 3209, JBC 1, Plot No. JLT-PH1-G2A, Jumeirah Lakes Tower, Dubai, UAE<\/strong>.<\/p>\n<div>\n<p style=\"text-align: justify;\">\n<\/div>\n","protected":false},"excerpt":{"rendered":"Servizio di sorveglianza e controllo accessi presso l\u2019Ambasciata d\u2019Italia a Baghdad per l\u2019anno 2026 L\u2019Ambasciata d\u2019Italia a Baghdad intende promuovere una indagine esplorativa finalizzata all\u2019acquisizione di manifestazioni di interesse per la partecipazione al procedimento di aggiudicazione del servizio di sorveglianza e controllo accessi dell\u2019Ambasciata. Per maggiori informazioni si prega di consultare il relativo Avviso. Con\u00a0Decreto [&hellip;]","protected":false},"author":4,"featured_media":0,"parent":146,"menu_order":0,"comment_status":"closed","ping_status":"closed","template":"","meta":{"footnotes":""},"class_list":["post-708","page","type-page","status-publish","hentry"],"_links":{"self":[{"href":"https:\/\/ambbaghdad.esteri.it\/it\/wp-json\/wp\/v2\/pages\/708","targetHints":{"allow":["GET"]}}],"collection":[{"href":"https:\/\/ambbaghdad.esteri.it\/it\/wp-json\/wp\/v2\/pages"}],"about":[{"href":"https:\/\/ambbaghdad.esteri.it\/it\/wp-json\/wp\/v2\/types\/page"}],"author":[{"embeddable":true,"href":"https:\/\/ambbaghdad.esteri.it\/it\/wp-json\/wp\/v2\/users\/4"}],"replies":[{"embeddable":true,"href":"https:\/\/ambbaghdad.esteri.it\/it\/wp-json\/wp\/v2\/comments?post=708"}],"version-history":[{"count":6,"href":"https:\/\/ambbaghdad.esteri.it\/it\/wp-json\/wp\/v2\/pages\/708\/revisions"}],"predecessor-version":[{"id":6128,"href":"https:\/\/ambbaghdad.esteri.it\/it\/wp-json\/wp\/v2\/pages\/708\/revisions\/6128"}],"up":[{"embeddable":true,"href":"https:\/\/ambbaghdad.esteri.it\/it\/wp-json\/wp\/v2\/pages\/146"}],"wp:attachment":[{"href":"https:\/\/ambbaghdad.esteri.it\/it\/wp-json\/wp\/v2\/media?parent=708"}],"curies":[{"name":"wp","href":"https:\/\/api.w.org\/{rel}","templated":true}]}}