{"id":917,"date":"2023-10-26T12:31:43","date_gmt":"2023-10-26T10:31:43","guid":{"rendered":"https:\/\/ambbaghdad.esteri.it\/?page_id=917"},"modified":"2023-10-26T13:16:57","modified_gmt":"2023-10-26T11:16:57","slug":"enit-locale","status":"publish","type":"page","link":"https:\/\/ambbaghdad.esteri.it\/it\/italia-e-iraq\/diplomazia-economica\/fare-affari-in-iraq\/servizi-per-le-imprese\/enit-locale\/","title":{"rendered":"Enit locale"},"content":{"rendered":"<h2 style=\"text-align: justify;\" align=\"center\">In Iraq l&#8217;ENIT non \u00e8 presente.<\/h2>\n<p style=\"text-align: justify;\"><span style=\"font-size: medium;\">Il 7 luglio 2004 \u00e8 stato sottoscritto dal Ministro degli Affari Esteri, dal Ministro delle Attivit\u00e0 Produttive e dal Presidente dell&#8217;ENIT un Memorandum d&#8217;Intesa MAE\/MAP\/ENIT, ai sensi del quale le Delegazioni dell&#8217;ENIT-Agenzia nazionale del turismo, elaborano annualmente i\u00a0Rapporti Paese ENIT\/MAE, in collaborazione con le Rappresentanze Diplomatiche.<\/span><\/p>\n<p><span style=\"font-size: medium;\">I Rapporti Paesi, frutto di un attento studio dei bacini turistici internazionali (essi includono indici macro-economici, analisi quantitativa e qualitativa della domanda di turismo verso l&#8217;Italia, target prioritari da perseguire ai fini dell&#8217;incremento dei flussi), costituiscono un valido strumento conoscitivo e di monitoraggio dei mercati turistici per Regioni, enti locali, operatori del settore e studiosi.<\/span><\/p>\n<p><span style=\"font-size: medium;\">Nei Paesi in cui l&#8217;Agenzia non \u00e8 presente con propri Uffici, i Rapporti sono autonomamente predisposti dalle Rappresentanze Diplomatiche.<\/span><\/p>\n","protected":false},"excerpt":{"rendered":"In Iraq l&#8217;ENIT non \u00e8 presente. Il 7 luglio 2004 \u00e8 stato sottoscritto dal Ministro degli Affari Esteri, dal Ministro delle Attivit\u00e0 Produttive e dal Presidente dell&#8217;ENIT un Memorandum d&#8217;Intesa MAE\/MAP\/ENIT, ai sensi del quale le Delegazioni dell&#8217;ENIT-Agenzia nazionale del turismo, elaborano annualmente i\u00a0Rapporti Paese ENIT\/MAE, in collaborazione con le Rappresentanze Diplomatiche. I Rapporti Paesi, [&hellip;]","protected":false},"author":4,"featured_media":0,"parent":930,"menu_order":0,"comment_status":"closed","ping_status":"closed","template":"","meta":{"footnotes":""},"class_list":["post-917","page","type-page","status-publish","hentry"],"_links":{"self":[{"href":"https:\/\/ambbaghdad.esteri.it\/it\/wp-json\/wp\/v2\/pages\/917","targetHints":{"allow":["GET"]}}],"collection":[{"href":"https:\/\/ambbaghdad.esteri.it\/it\/wp-json\/wp\/v2\/pages"}],"about":[{"href":"https:\/\/ambbaghdad.esteri.it\/it\/wp-json\/wp\/v2\/types\/page"}],"author":[{"embeddable":true,"href":"https:\/\/ambbaghdad.esteri.it\/it\/wp-json\/wp\/v2\/users\/4"}],"replies":[{"embeddable":true,"href":"https:\/\/ambbaghdad.esteri.it\/it\/wp-json\/wp\/v2\/comments?post=917"}],"version-history":[{"count":1,"href":"https:\/\/ambbaghdad.esteri.it\/it\/wp-json\/wp\/v2\/pages\/917\/revisions"}],"predecessor-version":[{"id":918,"href":"https:\/\/ambbaghdad.esteri.it\/it\/wp-json\/wp\/v2\/pages\/917\/revisions\/918"}],"up":[{"embeddable":true,"href":"https:\/\/ambbaghdad.esteri.it\/it\/wp-json\/wp\/v2\/pages\/930"}],"wp:attachment":[{"href":"https:\/\/ambbaghdad.esteri.it\/it\/wp-json\/wp\/v2\/media?parent=917"}],"curies":[{"name":"wp","href":"https:\/\/api.w.org\/{rel}","templated":true}]}}